{"id":3092,"date":"2024-08-30T17:44:37","date_gmt":"2024-08-30T16:44:37","guid":{"rendered":"https:\/\/okad-shop.com\/?post_type=product&#038;p=3092"},"modified":"2025-09-13T16:01:44","modified_gmt":"2025-09-13T15:01:44","slug":"philos-rosso-by-lattafa","status":"publish","type":"product","link":"https:\/\/okad-shop.com\/ar\/product\/philos-rosso-by-lattafa\/","title":{"rendered":"Philos Rosso by Maison Alhambra"},"content":{"rendered":"<p><b>Philos Rosso<\/b>\u00a0de\u00a0<b>Maison Alhambra<\/b> est un parfum Orientale Floral pour femme.<\/p>\n<p>Si vous aimez les effluves orientaux, ce parfum Philos Rosso est celui qu\u2019il vous faut. En outre, il saura \u00e9moustiller votre odorat. En effet, ses ar\u00f4mes diversifi\u00e9s mais savamment dos\u00e9s rendent\u00a0<strong>cette essence<\/strong> unique et originale. Par ailleurs, vous appr\u00e9cierez sa longue tenue.<\/p>\n<p>L\u2019eau de parfum de Maison Alhambra Philos Rosso vous permet de profiter du parfum pendant longtemps. En raison des 10% \u00e0 20% d&rsquo;huile de parfum que contient une eau de parfum, c\u2019est l\u2019une des formules les plus concentr\u00e9es. Pour une dur\u00e9e de conservation encore plus longue.<\/p>\n<h4>Notes Olfactives<\/h4>\n<p><strong>Notes de t\u00eate\u00a0\u22c5<\/strong>\u00a0Rose Davana<br \/>\n<strong>Notes de c\u0153ur\u00a0\u22c5<\/strong>\u00a0Violette, Girofle, Patchouli, Bois de Pin<br \/>\n<strong>Notes de fond\u00a0\u22c5\u00a0<\/strong>Musc Blanc, Vanille, Baies, Ambre gris<\/p>\n<p><b>Philos Rosso<\/b>\u00a0de\u00a0<b>Maison Alhambra <\/b>est inspir\u00e9 de \u00abBaccarat Rouge 340\u00bb.<\/p>","protected":false},"excerpt":{"rendered":"<p>Philos Rosso\u00a0de\u00a0Maison Alhambra est un parfum Orientale Floral pour femme. Si vous aimez les effluves orientaux, ce parfum Philos Rosso est celui qu\u2019il vous faut. En<span class=\"excerpt-hellip\"> [\u2026]<\/span><\/p>\n","protected":false},"featured_media":3096,"template":"","meta":[],"product_brand":[],"product_cat":[220,219],"product_tag":[],"class_list":{"0":"post-3092","1":"product","2":"type-product","3":"status-publish","4":"has-post-thumbnail","6":"product_cat-oriental","7":"product_cat-parfums","9":"first","10":"outofstock","11":"shipping-taxable","12":"purchasable","13":"product-type-simple"},"supplier_id":null,"supplier_sku":"","barcode":null,"atum_controlled":true,"out_stock_date":null,"out_stock_threshold":null,"inheritable":false,"inbound_stock":null,"stock_on_hold":3,"sold_today":0,"sales_last_days":0,"reserved_stock":null,"customer_returns":null,"warehouse_damage":null,"lost_in_post":null,"other_logs":null,"out_stock_days":0,"lost_sales":0,"has_location":false,"update_date":"2026-05-16T01:05:29","atum_locations":[],"atum_stock_status":"outofstock","restock_status":false,"low_stock_amount":"","sales_update_date":"2026-05-16T01:05:29","calc_backorders":null,"aioseo_notices":[],"_links":{"self":[{"href":"https:\/\/okad-shop.com\/ar\/wp-json\/wp\/v2\/product\/3092","targetHints":{"allow":["GET"]}}],"collection":[{"href":"https:\/\/okad-shop.com\/ar\/wp-json\/wp\/v2\/product"}],"about":[{"href":"https:\/\/okad-shop.com\/ar\/wp-json\/wp\/v2\/types\/product"}],"wp:featuredmedia":[{"embeddable":true,"href":"https:\/\/okad-shop.com\/ar\/wp-json\/wp\/v2\/media\/3096"}],"wp:attachment":[{"href":"https:\/\/okad-shop.com\/ar\/wp-json\/wp\/v2\/media?parent=3092"}],"wp:term":[{"taxonomy":"product_brand","embeddable":true,"href":"https:\/\/okad-shop.com\/ar\/wp-json\/wp\/v2\/product_brand?post=3092"},{"taxonomy":"product_cat","embeddable":true,"href":"https:\/\/okad-shop.com\/ar\/wp-json\/wp\/v2\/product_cat?post=3092"},{"taxonomy":"product_tag","embeddable":true,"href":"https:\/\/okad-shop.com\/ar\/wp-json\/wp\/v2\/product_tag?post=3092"}],"curies":[{"name":"wp","href":"https:\/\/api.w.org\/{rel}","templated":true}]}}