{"id":4341,"date":"2026-02-26T15:05:20","date_gmt":"2026-02-26T14:05:20","guid":{"rendered":"https:\/\/okad-shop.com\/?post_type=product&#038;p=4341"},"modified":"2026-02-26T15:17:43","modified_gmt":"2026-02-26T14:17:43","slug":"mocassin-beaban-marine","status":"publish","type":"product","link":"https:\/\/okad-shop.com\/ar\/product\/mocassin-beaban-marine\/","title":{"rendered":"Mocassin Beaban Marine"},"content":{"rendered":"<p>Raffinement et confort s\u2019unissent dans ce mocassin BEABAN sign\u00e9 Redskins. Con\u00e7u en cuir nubuck de qualit\u00e9, il s\u00e9duit par sa souplesse et son toucher velout\u00e9. Sa doublure et sa semelle int\u00e9rieure en cuir offrent une respirabilit\u00e9 naturelle et un confort durable. La semelle ext\u00e9rieure en \u00e9lastom\u00e8re assure quant \u00e0 elle souplesse, r\u00e9sistance et adh\u00e9rence au quotidien. Avec son talon plat, ce mocassin se porte facilement, que ce soit pour une tenue chic d\u00e9contract\u00e9e ou un style plus habill\u00e9. Une valeur s\u00fbre pour compl\u00e9ter votre collection de chaussures Redskins.<\/p>","protected":false},"excerpt":{"rendered":"<p>Raffinement et confort s\u2019unissent dans ce mocassin BEABAN sign\u00e9 Redskins. Con\u00e7u en cuir nubuck de qualit\u00e9, il s\u00e9duit par sa souplesse et son toucher velout\u00e9. Sa<span class=\"excerpt-hellip\"> [\u2026]<\/span><\/p>\n","protected":false},"featured_media":4346,"template":"","meta":[],"product_brand":[],"product_cat":[206,199,289],"product_tag":[],"class_list":{"0":"post-4341","1":"product","2":"type-product","3":"status-publish","4":"has-post-thumbnail","6":"product_cat-chaussures","7":"product_cat-homme","8":"product_cat-mocassin","10":"first","11":"instock","12":"shipping-taxable","13":"purchasable","14":"product-type-variable"},"supplier_id":null,"supplier_sku":"","barcode":null,"atum_controlled":true,"out_stock_date":null,"out_stock_threshold":null,"inheritable":true,"inbound_stock":null,"stock_on_hold":0,"sold_today":0,"sales_last_days":0,"reserved_stock":null,"customer_returns":null,"warehouse_damage":null,"lost_in_post":null,"other_logs":null,"out_stock_days":0,"lost_sales":0,"has_location":false,"update_date":"2026-04-14T01:45:49","atum_locations":[],"atum_stock_status":"instock","restock_status":false,"low_stock_amount":"","sales_update_date":"2026-04-14T01:45:49","calc_backorders":null,"aioseo_notices":[],"_links":{"self":[{"href":"https:\/\/okad-shop.com\/ar\/wp-json\/wp\/v2\/product\/4341","targetHints":{"allow":["GET"]}}],"collection":[{"href":"https:\/\/okad-shop.com\/ar\/wp-json\/wp\/v2\/product"}],"about":[{"href":"https:\/\/okad-shop.com\/ar\/wp-json\/wp\/v2\/types\/product"}],"wp:featuredmedia":[{"embeddable":true,"href":"https:\/\/okad-shop.com\/ar\/wp-json\/wp\/v2\/media\/4346"}],"wp:attachment":[{"href":"https:\/\/okad-shop.com\/ar\/wp-json\/wp\/v2\/media?parent=4341"}],"wp:term":[{"taxonomy":"product_brand","embeddable":true,"href":"https:\/\/okad-shop.com\/ar\/wp-json\/wp\/v2\/product_brand?post=4341"},{"taxonomy":"product_cat","embeddable":true,"href":"https:\/\/okad-shop.com\/ar\/wp-json\/wp\/v2\/product_cat?post=4341"},{"taxonomy":"product_tag","embeddable":true,"href":"https:\/\/okad-shop.com\/ar\/wp-json\/wp\/v2\/product_tag?post=4341"}],"curies":[{"name":"wp","href":"https:\/\/api.w.org\/{rel}","templated":true}]}}