{"id":4431,"date":"2026-03-03T13:30:16","date_gmt":"2026-03-03T12:30:16","guid":{"rendered":"https:\/\/okad-shop.com\/?post_type=product&#038;p=4431"},"modified":"2026-03-03T13:30:17","modified_gmt":"2026-03-03T12:30:17","slug":"mlifa-cotton-gandoura-100-handmade","status":"publish","type":"product","link":"https:\/\/okad-shop.com\/ar\/product\/mlifa-cotton-gandoura-100-handmade\/","title":{"rendered":"Mlifa Cotton Gandoura 100% Handmade"},"content":{"rendered":"<p>la gandoura en coton Mlifa, teinte Midnight Navy, o\u00f9 l\u2019h\u00e9ritage marocain rencontre une sophistication intemporelle.<\/p>\n<p>Enti\u00e8rement confectionn\u00e9e \u00e0 la main par nos ma\u00eetres artisans, cette pi\u00e8ce est sublim\u00e9e par l\u2019embl\u00e9matique broderie Zwaak l\u2019Ma\u00e2lem, d\u00e9licatement r\u00e9alis\u00e9e \u00e0 la main. Tiss\u00e9e \u00e0 partir d\u2019un coton Mlifa 100 % premium, elle offre une respirabilit\u00e9 naturelle, une douceur exceptionnelle et un tomb\u00e9 structur\u00e9 d\u2019une \u00e9l\u00e9gance raffin\u00e9e.<\/p>\n<p>Pens\u00e9e pour l\u2019\u00e9l\u00e9gance des moments du Ramadan, id\u00e9ale pour les rassemblements d\u2019iftar, les soir\u00e9es suhoor, les pri\u00e8res nocturnes, les festivit\u00e9s de l\u2019A\u00efd et les c\u00e9l\u00e9brations intimes en famille, o\u00f9 confort et distinction se rencontrent.<\/p>\n<p>Une silhouette de force tranquille.<\/p>\n<p>Une profondeur de couleur inspir\u00e9e par le calme de la nuit.<\/p>\n<p>Un h\u00e9ritage exprim\u00e9 \u00e0 travers le travail manuel et la pr\u00e9cision.<\/p>\n<p>Issue de notre collection Couture Ramadan 2026.<\/p>\n<p><span class=\"html-span xexx8yu xyri2b x18d9i69 x1c1uobl x1hl2dhg x16tdsg8 x1vvkbs x3nfvp2 x1j61x8r x1fcty0u xdj266r xat24cr xm2jcoa x1mpyi22 xxymvpz xlup9mm x1kky2od\"><img loading=\"lazy\" decoding=\"async\" class=\"xz74otr x15mokao x1ga7v0g x16uus16 xbiv7yw\" src=\"https:\/\/static.xx.fbcdn.net\/images\/emoji.php\/v9\/tf4\/1\/16\/2728.png\" alt=\"\u2728\" width=\"16\" height=\"16\" \/><\/span> Enti\u00e8rement fait main<\/p>\n<p><span class=\"html-span xexx8yu xyri2b x18d9i69 x1c1uobl x1hl2dhg x16tdsg8 x1vvkbs x3nfvp2 x1j61x8r x1fcty0u xdj266r xat24cr xm2jcoa x1mpyi22 xxymvpz xlup9mm x1kky2od\"><img loading=\"lazy\" decoding=\"async\" class=\"xz74otr x15mokao x1ga7v0g x16uus16 xbiv7yw\" src=\"https:\/\/static.xx.fbcdn.net\/images\/emoji.php\/v9\/tf4\/1\/16\/2728.png\" alt=\"\u2728\" width=\"16\" height=\"16\" \/><\/span> \u00c9dition limit\u00e9e<\/p>\n<p><span class=\"html-span xexx8yu xyri2b x18d9i69 x1c1uobl x1hl2dhg x16tdsg8 x1vvkbs x3nfvp2 x1j61x8r x1fcty0u xdj266r xat24cr xm2jcoa x1mpyi22 xxymvpz xlup9mm x1kky2od\"><img loading=\"lazy\" decoding=\"async\" class=\"xz74otr x15mokao x1ga7v0g x16uus16 xbiv7yw\" src=\"https:\/\/static.xx.fbcdn.net\/images\/emoji.php\/v9\/tf4\/1\/16\/2728.png\" alt=\"\u2728\" width=\"16\" height=\"16\" \/><\/span> L\u2019artisanat marocain \u00e0 son excellence<\/p>","protected":false},"excerpt":{"rendered":"<p>la gandoura en coton Mlifa, teinte Midnight Navy, o\u00f9 l\u2019h\u00e9ritage marocain rencontre une sophistication intemporelle. Enti\u00e8rement confectionn\u00e9e \u00e0 la main par nos ma\u00eetres artisans, cette pi\u00e8ce<span class=\"excerpt-hellip\"> [\u2026]<\/span><\/p>\n","protected":false},"featured_media":4432,"template":"","meta":[],"product_brand":[],"product_cat":[202,199,200],"product_tag":[],"class_list":{"0":"post-4431","1":"product","2":"type-product","3":"status-publish","4":"has-post-thumbnail","6":"product_cat-gandoura","7":"product_cat-homme","8":"product_cat-vetements","10":"first","11":"instock","12":"shipping-taxable","13":"purchasable","14":"product-type-variable"},"supplier_id":null,"supplier_sku":"","barcode":null,"atum_controlled":true,"out_stock_date":null,"out_stock_threshold":null,"inheritable":true,"inbound_stock":null,"stock_on_hold":3,"sold_today":0,"sales_last_days":0,"reserved_stock":null,"customer_returns":null,"warehouse_damage":null,"lost_in_post":null,"other_logs":null,"out_stock_days":0,"lost_sales":0,"has_location":false,"update_date":"2026-04-16T01:52:49","atum_locations":[],"atum_stock_status":"instock","restock_status":false,"low_stock_amount":"","sales_update_date":"2026-04-16T01:52:49","calc_backorders":null,"aioseo_notices":[],"_links":{"self":[{"href":"https:\/\/okad-shop.com\/ar\/wp-json\/wp\/v2\/product\/4431","targetHints":{"allow":["GET"]}}],"collection":[{"href":"https:\/\/okad-shop.com\/ar\/wp-json\/wp\/v2\/product"}],"about":[{"href":"https:\/\/okad-shop.com\/ar\/wp-json\/wp\/v2\/types\/product"}],"wp:featuredmedia":[{"embeddable":true,"href":"https:\/\/okad-shop.com\/ar\/wp-json\/wp\/v2\/media\/4432"}],"wp:attachment":[{"href":"https:\/\/okad-shop.com\/ar\/wp-json\/wp\/v2\/media?parent=4431"}],"wp:term":[{"taxonomy":"product_brand","embeddable":true,"href":"https:\/\/okad-shop.com\/ar\/wp-json\/wp\/v2\/product_brand?post=4431"},{"taxonomy":"product_cat","embeddable":true,"href":"https:\/\/okad-shop.com\/ar\/wp-json\/wp\/v2\/product_cat?post=4431"},{"taxonomy":"product_tag","embeddable":true,"href":"https:\/\/okad-shop.com\/ar\/wp-json\/wp\/v2\/product_tag?post=4431"}],"curies":[{"name":"wp","href":"https:\/\/api.w.org\/{rel}","templated":true}]}}